{"id":307,"date":"2017-11-09T15:13:00","date_gmt":"2017-11-09T20:13:00","guid":{"rendered":"http:\/\/wp-master-powergo.eliappwordpress1sto.elisys-servers.ca\/?page_id=307"},"modified":"2025-08-08T13:09:35","modified_gmt":"2025-08-08T17:09:35","slug":"vtt","status":"publish","type":"page","link":"https:\/\/www.brunswickpowersports.com\/fr\/vtt\/","title":{"rendered":"VTT neufs"},"content":{"rendered":"<p>Brunswick Power Sports est fier de vous offrir la cr\u00e8me de la cr\u00e8me des <strong>v\u00e9hicules de sport motoris\u00e9 neufs<\/strong>! \u00c0 tout moment de l\u2019ann\u00e9e, parcourez la plus grande s\u00e9lection de bolides qui combleront toutes vos envies d\u2019aventure!<\/p>\n<div class=\"textMore\">\n<p>Prenez d\u2019assaut les routes du Qu\u00e9bec \u00e0 bord d\u2019un <strong>VTT neuf Polaris<\/strong>. \u00c9patez la galerie lors de vos prochaines escapades \u00e0 bord de votre <a href=\"https:\/\/www.brunswickpowersports.com\/fr\/cotes-a-cotes\/\">v\u00e9hicule c\u00f4te \u00e0 c\u00f4te<\/a>. Vos aventures hivernales ne seront plus jamais pareilles \u00e0 bord d\u2019une <a href=\"https:\/\/www.brunswickpowersports.com\/fr\/motoneiges\/\">motoneige<\/a> <strong>Polaris<\/strong>.<\/p>\n<p>Consultez nos <a href=\"https:\/\/www.brunswickpowersports.com\/fr\/promotions\/\">promotions<\/a> du moment et trouvez-y une offre ou un rabais qui fera votre affaire!<\/p>\n<p>Pour toute question, <a href=\"https:\/\/www.brunswickpowersports.com\/fr\/contact\/\">communiquez avec nos professionnels<\/a>! Ils sauront vous conseiller et vous guider vers le meilleur choix pour vous. En tout temps, passez nous voir en concession chez <strong>Brunswick Power Sports \u00e0 Beresford<\/strong>! Nous vous recevrons avec plaisir.<\/p>\n<\/div>\n","protected":false},"excerpt":{"rendered":"<p>Brunswick Power Sports est fier de vous offrir la cr\u00e8me de la cr\u00e8me des v\u00e9hicules de sport motoris\u00e9 neufs! \u00c0 tout moment de l\u2019ann\u00e9e, parcourez la plus grande s\u00e9lection de bolides qui combleront toutes vos envies d\u2019aventure! Prenez d\u2019assaut les routes du Qu\u00e9bec \u00e0 bord d\u2019un VTT neuf Polaris. \u00c9patez la galerie lors de vos &hellip; <a href=\"https:\/\/www.brunswickpowersports.com\/fr\/vtt\/\">Suite<\/a><\/p>\n","protected":false},"author":1,"featured_media":0,"parent":0,"menu_order":0,"comment_status":"closed","ping_status":"closed","template":"template-listing-new-products.php","meta":[],"acf":{"content_featured_type":"","page_arg_new":true,"page_arg_new_category":[{"value":"atv","label":"VTT"}],"page_arg_new_make":[],"page_arg_instock":false,"page_arg_new_type":false,"contact_form_custom_form_id":false,"contact_form_custom_html_id":""},"_links":{"self":[{"href":"https:\/\/www.brunswickpowersports.com\/fr\/wp-json\/wp\/v2\/pages\/307"}],"collection":[{"href":"https:\/\/www.brunswickpowersports.com\/fr\/wp-json\/wp\/v2\/pages"}],"about":[{"href":"https:\/\/www.brunswickpowersports.com\/fr\/wp-json\/wp\/v2\/types\/page"}],"author":[{"embeddable":true,"href":"https:\/\/www.brunswickpowersports.com\/fr\/wp-json\/wp\/v2\/users\/1"}],"replies":[{"embeddable":true,"href":"https:\/\/www.brunswickpowersports.com\/fr\/wp-json\/wp\/v2\/comments?post=307"}],"version-history":[{"count":5,"href":"https:\/\/www.brunswickpowersports.com\/fr\/wp-json\/wp\/v2\/pages\/307\/revisions"}],"predecessor-version":[{"id":30948,"href":"https:\/\/www.brunswickpowersports.com\/fr\/wp-json\/wp\/v2\/pages\/307\/revisions\/30948"}],"wp:attachment":[{"href":"https:\/\/www.brunswickpowersports.com\/fr\/wp-json\/wp\/v2\/media?parent=307"}],"curies":[{"name":"wp","href":"https:\/\/api.w.org\/{rel}","templated":true}]}}